{"id":33,"date":"2020-01-24T08:43:20","date_gmt":"2020-01-24T08:43:20","guid":{"rendered":"http:\/\/utesfradueg.de\/?page_id=33"},"modified":"2024-09-09T07:59:55","modified_gmt":"2024-09-09T07:59:55","slug":"home-2","status":"publish","type":"page","link":"https:\/\/utesfradueg.de\/","title":{"rendered":"Home"},"content":{"rendered":"\n<p class=\"has-text-align-center\"><em>&#8222;<\/em>Wenn ich das tue, was ich immer getan habe,<br> werde ich genau das erhalten,<br> was ich immer erhalten habe.&#8220;<br> Antony Robbins<\/p>\n\n\n\n\n\n<div class=\"ngg-galleryoverview ngg-slideshow\"\n\t id=\"ngg-slideshow-ca9841a6df05805f1cfab7149b5d9ae9-1179467700\"\n     data-gallery-id=\"ca9841a6df05805f1cfab7149b5d9ae9\"\n     style=\"max-width: 750px; max-height: 500px;\">\n\n \t<div id=\"ngg-image-0\" class=\"ngg-gallery-slideshow-image\" style=\"height:500px\">\n\n        <a href=\"https:\/\/utesfradueg.de\/wp-content\/gallery\/homepage\/1.JPG\"\n           title=\"\"\n           data-src=\"https:\/\/utesfradueg.de\/wp-content\/gallery\/homepage\/1.JPG\"\n           data-thumbnail=\"https:\/\/utesfradueg.de\/wp-content\/gallery\/homepage\/thumbs\/thumbs_1.JPG\"\n           data-image-id=\"10\"\n           data-title=\"1\"\n           data-description=\"\"\n           class=\"ngg-simplelightbox\" rel=\"ca9841a6df05805f1cfab7149b5d9ae9\">\n\n            <img data-image-id='10'\n                 title=\"\"\n                 alt=\"1\"\n                 src=\"https:\/\/utesfradueg.de\/wp-content\/gallery\/homepage\/1.JPG\"\n                 style=\"max-height: 480px;\"\/>\n        <\/a>\n\n        <\/div> \n<div id=\"ngg-image-1\" class=\"ngg-gallery-slideshow-image\" style=\"height:500px\">\n\n        <a href=\"https:\/\/utesfradueg.de\/wp-content\/gallery\/homepage\/2.JPG\"\n           title=\"\"\n           data-src=\"https:\/\/utesfradueg.de\/wp-content\/gallery\/homepage\/2.JPG\"\n           data-thumbnail=\"https:\/\/utesfradueg.de\/wp-content\/gallery\/homepage\/thumbs\/thumbs_2.JPG\"\n           data-image-id=\"11\"\n           data-title=\"2\"\n           data-description=\"\"\n           class=\"ngg-simplelightbox\" rel=\"ca9841a6df05805f1cfab7149b5d9ae9\">\n\n            <img data-image-id='11'\n                 title=\"\"\n                 alt=\"2\"\n                 src=\"https:\/\/utesfradueg.de\/wp-content\/gallery\/homepage\/2.JPG\"\n                 style=\"max-height: 480px;\"\/>\n        <\/a>\n\n        <\/div> \n<div id=\"ngg-image-2\" class=\"ngg-gallery-slideshow-image\" style=\"height:500px\">\n\n        <a href=\"https:\/\/utesfradueg.de\/wp-content\/gallery\/homepage\/5.JPG\"\n           title=\"\"\n           data-src=\"https:\/\/utesfradueg.de\/wp-content\/gallery\/homepage\/5.JPG\"\n           data-thumbnail=\"https:\/\/utesfradueg.de\/wp-content\/gallery\/homepage\/thumbs\/thumbs_5.JPG\"\n           data-image-id=\"14\"\n           data-title=\"5\"\n           data-description=\"\"\n           class=\"ngg-simplelightbox\" rel=\"ca9841a6df05805f1cfab7149b5d9ae9\">\n\n            <img data-image-id='14'\n                 title=\"\"\n                 alt=\"5\"\n                 src=\"https:\/\/utesfradueg.de\/wp-content\/gallery\/homepage\/5.JPG\"\n                 style=\"max-height: 480px;\"\/>\n        <\/a>\n\n        <\/div> \n<div id=\"ngg-image-3\" class=\"ngg-gallery-slideshow-image\" style=\"height:500px\">\n\n        <a href=\"https:\/\/utesfradueg.de\/wp-content\/gallery\/homepage\/3.JPG\"\n           title=\"\"\n           data-src=\"https:\/\/utesfradueg.de\/wp-content\/gallery\/homepage\/3.JPG\"\n           data-thumbnail=\"https:\/\/utesfradueg.de\/wp-content\/gallery\/homepage\/thumbs\/thumbs_3.JPG\"\n           data-image-id=\"15\"\n           data-title=\"3\"\n           data-description=\"\"\n           class=\"ngg-simplelightbox\" rel=\"ca9841a6df05805f1cfab7149b5d9ae9\">\n\n            <img data-image-id='15'\n                 title=\"\"\n                 alt=\"3\"\n                 src=\"https:\/\/utesfradueg.de\/wp-content\/gallery\/homepage\/3.JPG\"\n                 style=\"max-height: 480px;\"\/>\n        <\/a>\n\n        <\/div> \n<div id=\"ngg-image-4\" class=\"ngg-gallery-slideshow-image\" style=\"height:500px\">\n\n        <a href=\"https:\/\/utesfradueg.de\/wp-content\/gallery\/homepage\/4.JPG\"\n           title=\"\"\n           data-src=\"https:\/\/utesfradueg.de\/wp-content\/gallery\/homepage\/4.JPG\"\n           data-thumbnail=\"https:\/\/utesfradueg.de\/wp-content\/gallery\/homepage\/thumbs\/thumbs_4.JPG\"\n           data-image-id=\"16\"\n           data-title=\"4\"\n           data-description=\"\"\n           class=\"ngg-simplelightbox\" rel=\"ca9841a6df05805f1cfab7149b5d9ae9\">\n\n            <img data-image-id='16'\n                 title=\"\"\n                 alt=\"4\"\n                 src=\"https:\/\/utesfradueg.de\/wp-content\/gallery\/homepage\/4.JPG\"\n                 style=\"max-height: 480px;\"\/>\n        <\/a>\n\n        <\/div> \n<\/div>\n\n\n\n\n\n\n\n<p class=\"has-text-align-center\"><strong><em>Das Leben ist Ver\u00e4nderung<\/em><\/strong>.<\/p>\n\n\n\n<p class=\"has-normal-font-size\">Herzlich willkommen auf meiner Homepage. Ich freue mich, dass Sie Interesse an meiner Arbeit als Coach, Trainerin und Systemische Therapeutin haben. Sie k\u00f6nnen mich gerne kontaktieren, wenn Sie weitere Fragen haben oder einen Termin vereinbaren m\u00f6chten. <br><\/p>\n\n\n\n<div class=\"wp-block-media-text alignwide has-media-on-the-right is-vertically-aligned-center\" style=\"grid-template-columns:auto 35%\"><div class=\"wp-block-media-text__content\">\n<p class=\"has-text-align-right has-normal-font-size\">Ihre<\/p>\n<\/div><figure class=\"wp-block-media-text__media\"><img loading=\"lazy\" decoding=\"async\" width=\"441\" height=\"126\" src=\"https:\/\/utesfradueg.de\/wp-content\/uploads\/2020\/01\/Unterschrift.jpg\" alt=\"\" class=\"wp-image-119 size-full\" srcset=\"https:\/\/utesfradueg.de\/wp-content\/uploads\/2020\/01\/Unterschrift.jpg 441w, https:\/\/utesfradueg.de\/wp-content\/uploads\/2020\/01\/Unterschrift-300x86.jpg 300w\" sizes=\"(max-width: 441px) 100vw, 441px\" \/><\/figure><\/div>\n\n\n\n<hr class=\"wp-block-separator has-text-color has-very-dark-gray-color has-css-opacity has-very-dark-gray-background-color has-background is-style-wide\"\/>\n\n\n\n<div class=\"wp-block-media-text alignwide is-vertically-aligned-center\" style=\"grid-template-columns:30% auto\"><figure class=\"wp-block-media-text__media\"><img loading=\"lazy\" decoding=\"async\" width=\"439\" height=\"454\" src=\"http:\/\/utesfradueg.de\/wp-content\/uploads\/2020\/01\/Logo1.jpg\" alt=\"\" class=\"wp-image-41 size-full\" srcset=\"https:\/\/utesfradueg.de\/wp-content\/uploads\/2020\/01\/Logo1.jpg 439w, https:\/\/utesfradueg.de\/wp-content\/uploads\/2020\/01\/Logo1-290x300.jpg 290w\" sizes=\"(max-width: 439px) 100vw, 439px\" \/><\/figure><div class=\"wp-block-media-text__content\">\n<p class=\"has-text-align-center has-text-color has-normal-font-size\" style=\"color:#080808\">Kommunikationstrainerin <br>Personal-Coach<br>Mediatorin <br>Systemische Therapeutin <\/p>\n\n\n\n<p class=\"has-text-align-center has-text-color has-normal-font-size\" style=\"color:#080808\">Hypnose-Coaching<\/p>\n<\/div><\/div>\n\n\n\n<hr class=\"wp-block-separator has-css-opacity\"\/>\n\n\n\n<p> <strong>Was sagen andere \u00fcber meine Coaching-Arbeit \u2026<\/strong><br> <em>\u2026 ich sp\u00fcre nach nur zwei Sitzungen bereits einen Erfolg und die Gewissheit, dass das was bringt\u2026<br> \u2026 allein w\u00e4re ich auf diese L\u00f6sungen nie gekommen. Danke. Nun ist es auf einmal so einfach!  Endlich f\u00fchle ich mich verstanden und wei\u00df, was ich will&#8230;<\/em><\/p>\n\n\n\n<p><\/p>\n","protected":false},"excerpt":{"rendered":"<p>&#8222;Wenn ich das tue, was ich immer getan habe, werde ich genau das erhalten, was ich immer erhalten habe.&#8220; Antony Robbins Das Leben ist Ver\u00e4nderung. Herzlich willkommen auf meiner Homepage. Ich freue mich, dass Sie Interesse an meiner Arbeit als Coach, Trainerin und Systemische Therapeutin haben. Sie k\u00f6nnen mich gerne kontaktieren, wenn Sie weitere Fragen [&hellip;]<\/p>\n","protected":false},"author":1,"featured_media":0,"parent":0,"menu_order":0,"comment_status":"closed","ping_status":"closed","template":"templates\/fullwidth.php","meta":{"ngg_post_thumbnail":0,"footnotes":""},"class_list":["post-33","page","type-page","status-publish","hentry"],"_links":{"self":[{"href":"https:\/\/utesfradueg.de\/index.php?rest_route=\/wp\/v2\/pages\/33"}],"collection":[{"href":"https:\/\/utesfradueg.de\/index.php?rest_route=\/wp\/v2\/pages"}],"about":[{"href":"https:\/\/utesfradueg.de\/index.php?rest_route=\/wp\/v2\/types\/page"}],"author":[{"embeddable":true,"href":"https:\/\/utesfradueg.de\/index.php?rest_route=\/wp\/v2\/users\/1"}],"replies":[{"embeddable":true,"href":"https:\/\/utesfradueg.de\/index.php?rest_route=%2Fwp%2Fv2%2Fcomments&post=33"}],"version-history":[{"count":63,"href":"https:\/\/utesfradueg.de\/index.php?rest_route=\/wp\/v2\/pages\/33\/revisions"}],"predecessor-version":[{"id":393,"href":"https:\/\/utesfradueg.de\/index.php?rest_route=\/wp\/v2\/pages\/33\/revisions\/393"}],"wp:attachment":[{"href":"https:\/\/utesfradueg.de\/index.php?rest_route=%2Fwp%2Fv2%2Fmedia&parent=33"}],"curies":[{"name":"wp","href":"https:\/\/api.w.org\/{rel}","templated":true}]}}