{"id":167,"date":"2020-02-10T09:35:03","date_gmt":"2020-02-10T09:35:03","guid":{"rendered":"https:\/\/utesfradueg.de\/?page_id=167"},"modified":"2020-02-10T10:15:31","modified_gmt":"2020-02-10T10:15:31","slug":"training","status":"publish","type":"page","link":"https:\/\/utesfradueg.de\/?page_id=167","title":{"rendered":"Training"},"content":{"rendered":"\n<div class=\"wp-block-media-text alignwide\" style=\"grid-template-columns:20% auto\"><figure class=\"wp-block-media-text__media\"><img loading=\"lazy\" decoding=\"async\" width=\"341\" height=\"209\" src=\"https:\/\/utesfradueg.de\/wp-content\/uploads\/2020\/02\/train1-1.jpg\" alt=\"\" class=\"wp-image-182\" srcset=\"https:\/\/utesfradueg.de\/wp-content\/uploads\/2020\/02\/train1-1.jpg 341w, https:\/\/utesfradueg.de\/wp-content\/uploads\/2020\/02\/train1-1-300x184.jpg 300w\" sizes=\"(max-width: 341px) 100vw, 341px\" \/><\/figure><div class=\"wp-block-media-text__content\">\n<p class=\"has-normal-font-size\"><strong>Mein Trainer-Verst\u00e4ndnis<\/strong> <\/p>\n<\/div><\/div>\n\n\n\n<div style=\"height:20px\" aria-hidden=\"true\" class=\"wp-block-spacer\"><\/div>\n\n\n\n<p>Die Teilnehmer meiner Seminare emotional zu erreichen und ihnen Vertrauen entgegen zu bringen, ist mir als Trainerin ein wichtiges Anliegen. So gelingt es mir, sie f\u00fcr die Themen des Tages zu \u00f6ffnen und das gemeinsame Arbeiten zu erm\u00f6glichen.  Meine vielseitigen Praxisbeispiele verdeutlichen die theoretischen  Hintergr\u00fcnde und helfen mir dabei, die Trainings freudvoll zu gestalten, AHA-Momente zu sichern und so einen nachhaltigen Eindruck zu erzeugen.<\/p>\n\n\n<p><!--EndFragment--><\/p>","protected":false},"excerpt":{"rendered":"<p>Mein Trainer-Verst\u00e4ndnis Die Teilnehmer meiner Seminare emotional zu erreichen und ihnen Vertrauen entgegen zu bringen, ist mir als Trainerin ein wichtiges Anliegen. So gelingt es mir, sie f\u00fcr die Themen des Tages zu \u00f6ffnen und das gemeinsame Arbeiten zu erm\u00f6glichen. Meine vielseitigen Praxisbeispiele verdeutlichen die theoretischen Hintergr\u00fcnde und helfen mir dabei, die Trainings freudvoll zu [&hellip;]<\/p>\n","protected":false},"author":1,"featured_media":0,"parent":0,"menu_order":0,"comment_status":"closed","ping_status":"closed","template":"templates\/fullwidth.php","meta":{"ngg_post_thumbnail":0,"footnotes":""},"class_list":["post-167","page","type-page","status-publish","hentry"],"_links":{"self":[{"href":"https:\/\/utesfradueg.de\/index.php?rest_route=\/wp\/v2\/pages\/167"}],"collection":[{"href":"https:\/\/utesfradueg.de\/index.php?rest_route=\/wp\/v2\/pages"}],"about":[{"href":"https:\/\/utesfradueg.de\/index.php?rest_route=\/wp\/v2\/types\/page"}],"author":[{"embeddable":true,"href":"https:\/\/utesfradueg.de\/index.php?rest_route=\/wp\/v2\/users\/1"}],"replies":[{"embeddable":true,"href":"https:\/\/utesfradueg.de\/index.php?rest_route=%2Fwp%2Fv2%2Fcomments&post=167"}],"version-history":[{"count":3,"href":"https:\/\/utesfradueg.de\/index.php?rest_route=\/wp\/v2\/pages\/167\/revisions"}],"predecessor-version":[{"id":186,"href":"https:\/\/utesfradueg.de\/index.php?rest_route=\/wp\/v2\/pages\/167\/revisions\/186"}],"wp:attachment":[{"href":"https:\/\/utesfradueg.de\/index.php?rest_route=%2Fwp%2Fv2%2Fmedia&parent=167"}],"curies":[{"name":"wp","href":"https:\/\/api.w.org\/{rel}","templated":true}]}}