{"id":11,"date":"2020-01-23T17:19:55","date_gmt":"2020-01-23T17:19:55","guid":{"rendered":"http:\/\/utesfradueg.de\/?page_id=11"},"modified":"2024-09-04T16:48:38","modified_gmt":"2024-09-04T16:48:38","slug":"profil","status":"publish","type":"page","link":"https:\/\/utesfradueg.de\/?page_id=11","title":{"rendered":"Meine Kompetenzen"},"content":{"rendered":"\n<div class=\"wp-block-media-text alignwide\" style=\"grid-template-columns:34% auto\"><figure class=\"wp-block-media-text__media\"><img loading=\"lazy\" decoding=\"async\" width=\"680\" height=\"1024\" src=\"http:\/\/utesfradueg.de\/wp-content\/uploads\/2020\/01\/Bewerbungsbild-680x1024.jpeg\" alt=\"\" class=\"wp-image-15 size-full\" srcset=\"https:\/\/utesfradueg.de\/wp-content\/uploads\/2020\/01\/Bewerbungsbild-680x1024.jpeg 680w, https:\/\/utesfradueg.de\/wp-content\/uploads\/2020\/01\/Bewerbungsbild-199x300.jpeg 199w, https:\/\/utesfradueg.de\/wp-content\/uploads\/2020\/01\/Bewerbungsbild-768x1157.jpeg 768w, https:\/\/utesfradueg.de\/wp-content\/uploads\/2020\/01\/Bewerbungsbild.jpeg 850w\" sizes=\"(max-width: 680px) 100vw, 680px\" \/><\/figure><div class=\"wp-block-media-text__content\">\n<ul class=\"wp-block-list\">\n<li>Diplom-P\u00e4dagogin (1985)<\/li>\n\n\n\n<li>NLP-business-Practitioner (2000)<\/li>\n\n\n\n<li>Zertifizierter NLP-Master (2001)<\/li>\n\n\n\n<li>Zertifizierte Mediatorin (2003)<\/li>\n\n\n\n<li>diplomierter Personal-Coach (2008)<\/li>\n\n\n\n<li>Gewaltfreie Kommunikation (2011)<\/li>\n\n\n\n<li>Zertifizierungen als Coach und Trainerin ( 2011)<\/li>\n\n\n\n<li>Systemische Therapeutin (2017)<\/li>\n\n\n\n<li>Hypnose-Coaching-Ausbildungen (2023 u. 2024)<\/li>\n<\/ul>\n\n\n\n<div style=\"height:20px\" aria-hidden=\"true\" class=\"wp-block-spacer\"><\/div>\n\n\n\n<div style=\"height:20px\" aria-hidden=\"true\" class=\"wp-block-spacer\"><\/div>\n\n\n\n<figure class=\"wp-block-gallery has-nested-images columns-default is-cropped wp-block-gallery-1 is-layout-flex wp-block-gallery-is-layout-flex\">\n<figure class=\"wp-block-image size-large\"><img loading=\"lazy\" decoding=\"async\" width=\"343\" height=\"214\" src=\"https:\/\/utesfradueg.de\/wp-content\/uploads\/2020\/02\/coach1-4.jpg\" alt=\"\" class=\"wp-image-200\" srcset=\"https:\/\/utesfradueg.de\/wp-content\/uploads\/2020\/02\/coach1-4.jpg 343w, https:\/\/utesfradueg.de\/wp-content\/uploads\/2020\/02\/coach1-4-300x187.jpg 300w\" sizes=\"(max-width: 343px) 100vw, 343px\" \/><\/figure>\n\n\n\n<figure class=\"wp-block-image size-large\"><img loading=\"lazy\" decoding=\"async\" width=\"341\" height=\"209\" src=\"https:\/\/utesfradueg.de\/wp-content\/uploads\/2020\/02\/train1-4.jpg\" alt=\"\" class=\"wp-image-201\" srcset=\"https:\/\/utesfradueg.de\/wp-content\/uploads\/2020\/02\/train1-4.jpg 341w, https:\/\/utesfradueg.de\/wp-content\/uploads\/2020\/02\/train1-4-300x184.jpg 300w\" sizes=\"(max-width: 341px) 100vw, 341px\" \/><\/figure>\n<\/figure>\n<\/div><\/div>\n\n\n\n<hr class=\"wp-block-separator has-css-opacity\"\/>\n\n\n\n<div style=\"height:35px\" aria-hidden=\"true\" class=\"wp-block-spacer\"><\/div>\n\n\n\n<p class=\"has-text-align-left\">Seit 1999 bin ich als Trainerin auf dem Gebiet der Kommunikation t\u00e4tig. Hier besch\u00e4ftige ich mich vor allem mit den M\u00f6glichkeiten der positiven Einflussnahme mithilfe der nonverbalen und verbalen Sprache.<br>Dabei nutze ich sowohl meine umfangreichen Erfahrungen aus dem Bereich des Neurolinguistischen Programmierens und meiner Personal-Coach-Ausbildung als auch meine Kenntnisse aus zahlreichen Schulungen durch f\u00fchrende Kollegen des Landes. Privat lebe ich mit meiner Familie auf dem Land, bin seit 1988 verheiratet, habe einen Sohn und eine Tochter. <\/p>\n\n\n\n<div style=\"height:20px\" aria-hidden=\"true\" class=\"wp-block-spacer\"><\/div>\n\n\n\n<hr class=\"wp-block-separator has-css-opacity\"\/>\n\n\n\n<p class=\"has-text-align-center has-normal-font-size\"><strong>Was sagen andere \u00fcber meine Arbeit:<\/strong><br> \u201e<em>\u2026 Sie verstanden es vom ersten Moment an, die<br> Teilnehmer zu interessieren und zum Mitmachen zu<br> motivieren, so dass in einer offenen und unverklemmten<br> Atmosph\u00e4re beste \u00dcbungsbedingungen herrschten. Die<br> Vermittlung von Hintergrundwissen, die Kopplung von<br> praktischen \u00dcbungen und theoretischen Darlegungen<br> und das Einholen eines Feedbacks am Ende jeder<br> Trainingseinheit garantierten einen immer spannenden<br> und ergebnisorientierten Kurs\u2026 Unsere Erwartungen<br> wurden \u00fcbertroffen\u2026<\/em>\u201c<br><br><strong> Annette Bauer, Referatsleiterin Europa-Universit\u00e4t Viadrina<\/strong><\/p>\n","protected":false},"excerpt":{"rendered":"<p>Seit 1999 bin ich als Trainerin auf dem Gebiet der Kommunikation t\u00e4tig. Hier besch\u00e4ftige ich mich vor allem mit den M\u00f6glichkeiten der positiven Einflussnahme mithilfe der nonverbalen und verbalen Sprache.Dabei nutze ich sowohl meine umfangreichen Erfahrungen aus dem Bereich des Neurolinguistischen Programmierens und meiner Personal-Coach-Ausbildung als auch meine Kenntnisse aus zahlreichen Schulungen durch f\u00fchrende Kollegen [&hellip;]<\/p>\n","protected":false},"author":1,"featured_media":0,"parent":0,"menu_order":0,"comment_status":"closed","ping_status":"closed","template":"templates\/fullwidth.php","meta":{"ngg_post_thumbnail":0,"footnotes":""},"class_list":["post-11","page","type-page","status-publish","hentry"],"_links":{"self":[{"href":"https:\/\/utesfradueg.de\/index.php?rest_route=\/wp\/v2\/pages\/11"}],"collection":[{"href":"https:\/\/utesfradueg.de\/index.php?rest_route=\/wp\/v2\/pages"}],"about":[{"href":"https:\/\/utesfradueg.de\/index.php?rest_route=\/wp\/v2\/types\/page"}],"author":[{"embeddable":true,"href":"https:\/\/utesfradueg.de\/index.php?rest_route=\/wp\/v2\/users\/1"}],"replies":[{"embeddable":true,"href":"https:\/\/utesfradueg.de\/index.php?rest_route=%2Fwp%2Fv2%2Fcomments&post=11"}],"version-history":[{"count":23,"href":"https:\/\/utesfradueg.de\/index.php?rest_route=\/wp\/v2\/pages\/11\/revisions"}],"predecessor-version":[{"id":361,"href":"https:\/\/utesfradueg.de\/index.php?rest_route=\/wp\/v2\/pages\/11\/revisions\/361"}],"wp:attachment":[{"href":"https:\/\/utesfradueg.de\/index.php?rest_route=%2Fwp%2Fv2%2Fmedia&parent=11"}],"curies":[{"name":"wp","href":"https:\/\/api.w.org\/{rel}","templated":true}]}}